{"id":4,"date":"2021-12-31T11:42:20","date_gmt":"2021-12-31T11:42:20","guid":{"rendered":"https:\/\/kammerchornikolassee.live-website.com\/willkommen-auf-https-kammerchornikolassee-live-website-com"},"modified":"2026-03-10T19:38:28","modified_gmt":"2026-03-10T17:38:28","slug":"willkommen-auf-https-kammerchornikolassee-live-website-com","status":"publish","type":"page","link":"https:\/\/kammerchor-nikolassee.de\/","title":{"rendered":"Start"},"content":{"rendered":"\n<h2 class=\"wp-block-heading\" id=\"Aktuelles\">Willkommen!<\/h2>\n\n\n\n<p>Konzertank\u00fcndigung:<br><strong>Aspettando Puccini \u2013 Warten auf Puccini<\/strong><br><br>Mit seinem n\u00e4chsten Programm widmet sich der Kammerchor Nikolassee einem Komponisten, den er bislang g\u00e4nzlich vernachl\u00e4ssigt hat. Aus der Sicht des 21. Jahrhunderts n\u00e4hert er sich den beiden gro\u00dfen titelgebenden Damen in Giacomo Puccinis OEuvre \u2013 der leidenschaftlichen S\u00e4ngerin Floria Tosca und der eiskalten Prinzessin Turandot. 125 und 100 Jahre weltweite B\u00fchnenpr\u00e4senz sind uns Anlass genug, beide Werke einmal genauer unter die Lupe zu nehmen. Wir sind gespannt, was uns dabei erwartet!<\/p>\n\n\n\n<h3 class=\"wp-block-heading\">Konzerttermine<\/h3>\n\n\n\n<div class=\"wp-block-columns is-layout-flex wp-container-core-columns-is-layout-9d6595d7 wp-block-columns-is-layout-flex\">\n<div class=\"wp-block-column is-layout-flow wp-block-column-is-layout-flow\">\n<p><strong>Samstag, 14.11.2026 &#8211; 19:00 Uhr<\/strong><br><\/p>\n\n\n\n<p><\/p>\n<\/div>\n\n\n\n<div class=\"wp-block-column is-layout-flow wp-block-column-is-layout-flow\">\n<p><strong>Samstag, 21.11.2026 &#8211; 19:00 Uhr<\/strong><br><\/p>\n<\/div>\n\n\n\n<div class=\"wp-block-column is-layout-flow wp-block-column-is-layout-flow\">\n<p><strong>Sonntag, 22.11.2026 &#8211; 16:00 Uhr<\/strong><br><\/p>\n<\/div>\n<\/div>\n\n\n\n<p>Der Eintritt ist frei. Spenden erbeten.<\/p>\n\n\n\n<p>Wollen Sie \u00fcber unsere regelm\u00e4\u00dfig stattfindenden Konzerte informiert werden? Dann senden Sie eine E-Mail an pr@kammerchor-nikolassee.de und Sie erhalten unsere Konzertank\u00fcndigungen.<\/p>\n\n\n\n<p><\/p>\n","protected":false},"excerpt":{"rendered":"<p>Willkommen! Konzertank\u00fcndigung:Aspettando Puccini \u2013 Warten auf Puccini Mit seinem n\u00e4chsten Programm widmet sich der Kammerchor Nikolassee einem Komponisten, den er bislang g\u00e4nzlich vernachl\u00e4ssigt hat. Aus der Sicht des 21. Jahrhunderts [&hellip;]<\/p>\n","protected":false},"author":1,"featured_media":0,"parent":0,"menu_order":0,"comment_status":"closed","ping_status":"open","template":"","meta":{"footnotes":""},"class_list":["post-4","page","type-page","status-publish","czr-hentry"],"yoast_head":"<!-- This site is optimized with the Yoast SEO plugin v27.3 - https:\/\/yoast.com\/product\/yoast-seo-wordpress\/ -->\n<title>Start - Kammerchor Nikolassee<\/title>\n<meta name=\"robots\" content=\"index, follow, max-snippet:-1, max-image-preview:large, max-video-preview:-1\" \/>\n<link rel=\"canonical\" href=\"https:\/\/kammerchor-nikolassee.de\/\" \/>\n<meta property=\"og:locale\" content=\"de_DE\" \/>\n<meta property=\"og:type\" content=\"article\" \/>\n<meta property=\"og:title\" content=\"Start - Kammerchor Nikolassee\" \/>\n<meta property=\"og:description\" content=\"Willkommen! Konzertank\u00fcndigung:Aspettando Puccini \u2013 Warten auf Puccini Mit seinem n\u00e4chsten Programm widmet sich der Kammerchor Nikolassee einem Komponisten, den er bislang g\u00e4nzlich vernachl\u00e4ssigt hat. Aus der Sicht des 21. Jahrhunderts [&hellip;]\" \/>\n<meta property=\"og:url\" content=\"https:\/\/kammerchor-nikolassee.de\/\" \/>\n<meta property=\"og:site_name\" content=\"Kammerchor Nikolassee\" \/>\n<meta property=\"article:modified_time\" content=\"2026-03-10T17:38:28+00:00\" \/>\n<meta name=\"twitter:card\" content=\"summary_large_image\" \/>\n<meta name=\"twitter:label1\" content=\"Gesch\u00e4tzte Lesezeit\" \/>\n\t<meta name=\"twitter:data1\" content=\"1\u00a0Minute\" \/>\n<script type=\"application\/ld+json\" class=\"yoast-schema-graph\">{\"@context\":\"https:\\\/\\\/schema.org\",\"@graph\":[{\"@type\":\"WebPage\",\"@id\":\"https:\\\/\\\/kammerchor-nikolassee.de\\\/\",\"url\":\"https:\\\/\\\/kammerchor-nikolassee.de\\\/\",\"name\":\"Start - Kammerchor Nikolassee\",\"isPartOf\":{\"@id\":\"https:\\\/\\\/kammerchor-nikolassee.de\\\/#website\"},\"datePublished\":\"2021-12-31T11:42:20+00:00\",\"dateModified\":\"2026-03-10T17:38:28+00:00\",\"breadcrumb\":{\"@id\":\"https:\\\/\\\/kammerchor-nikolassee.de\\\/#breadcrumb\"},\"inLanguage\":\"de\",\"potentialAction\":[{\"@type\":\"ReadAction\",\"target\":[\"https:\\\/\\\/kammerchor-nikolassee.de\\\/\"]}]},{\"@type\":\"BreadcrumbList\",\"@id\":\"https:\\\/\\\/kammerchor-nikolassee.de\\\/#breadcrumb\",\"itemListElement\":[{\"@type\":\"ListItem\",\"position\":1,\"name\":\"Start\",\"item\":\"https:\\\/\\\/kammerchor-nikolassee.de\\\/\"},{\"@type\":\"ListItem\",\"position\":2,\"name\":\"Start\"}]},{\"@type\":\"WebSite\",\"@id\":\"https:\\\/\\\/kammerchor-nikolassee.de\\\/#website\",\"url\":\"https:\\\/\\\/kammerchor-nikolassee.de\\\/\",\"name\":\"Kammerchor Nikolassee\",\"description\":\"\",\"publisher\":{\"@id\":\"https:\\\/\\\/kammerchor-nikolassee.de\\\/#organization\"},\"potentialAction\":[{\"@type\":\"SearchAction\",\"target\":{\"@type\":\"EntryPoint\",\"urlTemplate\":\"https:\\\/\\\/kammerchor-nikolassee.de\\\/?s={search_term_string}\"},\"query-input\":{\"@type\":\"PropertyValueSpecification\",\"valueRequired\":true,\"valueName\":\"search_term_string\"}}],\"inLanguage\":\"de\"},{\"@type\":\"Organization\",\"@id\":\"https:\\\/\\\/kammerchor-nikolassee.de\\\/#organization\",\"name\":\"Kammerchor Nikolassee\",\"url\":\"https:\\\/\\\/kammerchor-nikolassee.de\\\/\",\"logo\":{\"@type\":\"ImageObject\",\"inLanguage\":\"de\",\"@id\":\"https:\\\/\\\/kammerchor-nikolassee.de\\\/#\\\/schema\\\/logo\\\/image\\\/\",\"url\":\"https:\\\/\\\/kammerchor-nikolassee.de\\\/wp-content\\\/uploads\\\/2022\\\/09\\\/cropped-9DFD4CD4-5F5E-4107-AFC6-D77AF5E989E0.jpeg\",\"contentUrl\":\"https:\\\/\\\/kammerchor-nikolassee.de\\\/wp-content\\\/uploads\\\/2022\\\/09\\\/cropped-9DFD4CD4-5F5E-4107-AFC6-D77AF5E989E0.jpeg\",\"width\":378,\"height\":378,\"caption\":\"Kammerchor Nikolassee\"},\"image\":{\"@id\":\"https:\\\/\\\/kammerchor-nikolassee.de\\\/#\\\/schema\\\/logo\\\/image\\\/\"}}]}<\/script>\n<!-- \/ Yoast SEO plugin. -->","yoast_head_json":{"title":"Start - Kammerchor Nikolassee","robots":{"index":"index","follow":"follow","max-snippet":"max-snippet:-1","max-image-preview":"max-image-preview:large","max-video-preview":"max-video-preview:-1"},"canonical":"https:\/\/kammerchor-nikolassee.de\/","og_locale":"de_DE","og_type":"article","og_title":"Start - Kammerchor Nikolassee","og_description":"Willkommen! Konzertank\u00fcndigung:Aspettando Puccini \u2013 Warten auf Puccini Mit seinem n\u00e4chsten Programm widmet sich der Kammerchor Nikolassee einem Komponisten, den er bislang g\u00e4nzlich vernachl\u00e4ssigt hat. Aus der Sicht des 21. Jahrhunderts [&hellip;]","og_url":"https:\/\/kammerchor-nikolassee.de\/","og_site_name":"Kammerchor Nikolassee","article_modified_time":"2026-03-10T17:38:28+00:00","twitter_card":"summary_large_image","twitter_misc":{"Gesch\u00e4tzte Lesezeit":"1\u00a0Minute"},"schema":{"@context":"https:\/\/schema.org","@graph":[{"@type":"WebPage","@id":"https:\/\/kammerchor-nikolassee.de\/","url":"https:\/\/kammerchor-nikolassee.de\/","name":"Start - Kammerchor Nikolassee","isPartOf":{"@id":"https:\/\/kammerchor-nikolassee.de\/#website"},"datePublished":"2021-12-31T11:42:20+00:00","dateModified":"2026-03-10T17:38:28+00:00","breadcrumb":{"@id":"https:\/\/kammerchor-nikolassee.de\/#breadcrumb"},"inLanguage":"de","potentialAction":[{"@type":"ReadAction","target":["https:\/\/kammerchor-nikolassee.de\/"]}]},{"@type":"BreadcrumbList","@id":"https:\/\/kammerchor-nikolassee.de\/#breadcrumb","itemListElement":[{"@type":"ListItem","position":1,"name":"Start","item":"https:\/\/kammerchor-nikolassee.de\/"},{"@type":"ListItem","position":2,"name":"Start"}]},{"@type":"WebSite","@id":"https:\/\/kammerchor-nikolassee.de\/#website","url":"https:\/\/kammerchor-nikolassee.de\/","name":"Kammerchor Nikolassee","description":"","publisher":{"@id":"https:\/\/kammerchor-nikolassee.de\/#organization"},"potentialAction":[{"@type":"SearchAction","target":{"@type":"EntryPoint","urlTemplate":"https:\/\/kammerchor-nikolassee.de\/?s={search_term_string}"},"query-input":{"@type":"PropertyValueSpecification","valueRequired":true,"valueName":"search_term_string"}}],"inLanguage":"de"},{"@type":"Organization","@id":"https:\/\/kammerchor-nikolassee.de\/#organization","name":"Kammerchor Nikolassee","url":"https:\/\/kammerchor-nikolassee.de\/","logo":{"@type":"ImageObject","inLanguage":"de","@id":"https:\/\/kammerchor-nikolassee.de\/#\/schema\/logo\/image\/","url":"https:\/\/kammerchor-nikolassee.de\/wp-content\/uploads\/2022\/09\/cropped-9DFD4CD4-5F5E-4107-AFC6-D77AF5E989E0.jpeg","contentUrl":"https:\/\/kammerchor-nikolassee.de\/wp-content\/uploads\/2022\/09\/cropped-9DFD4CD4-5F5E-4107-AFC6-D77AF5E989E0.jpeg","width":378,"height":378,"caption":"Kammerchor Nikolassee"},"image":{"@id":"https:\/\/kammerchor-nikolassee.de\/#\/schema\/logo\/image\/"}}]}},"_links":{"self":[{"href":"https:\/\/kammerchor-nikolassee.de\/index.php?rest_route=\/wp\/v2\/pages\/4","targetHints":{"allow":["GET"]}}],"collection":[{"href":"https:\/\/kammerchor-nikolassee.de\/index.php?rest_route=\/wp\/v2\/pages"}],"about":[{"href":"https:\/\/kammerchor-nikolassee.de\/index.php?rest_route=\/wp\/v2\/types\/page"}],"author":[{"embeddable":true,"href":"https:\/\/kammerchor-nikolassee.de\/index.php?rest_route=\/wp\/v2\/users\/1"}],"replies":[{"embeddable":true,"href":"https:\/\/kammerchor-nikolassee.de\/index.php?rest_route=%2Fwp%2Fv2%2Fcomments&post=4"}],"version-history":[{"count":87,"href":"https:\/\/kammerchor-nikolassee.de\/index.php?rest_route=\/wp\/v2\/pages\/4\/revisions"}],"predecessor-version":[{"id":614,"href":"https:\/\/kammerchor-nikolassee.de\/index.php?rest_route=\/wp\/v2\/pages\/4\/revisions\/614"}],"wp:attachment":[{"href":"https:\/\/kammerchor-nikolassee.de\/index.php?rest_route=%2Fwp%2Fv2%2Fmedia&parent=4"}],"curies":[{"name":"wp","href":"https:\/\/api.w.org\/{rel}","templated":true}]}}